{"id":407,"date":"2018-04-30T04:08:48","date_gmt":"2018-04-30T04:08:48","guid":{"rendered":"https:\/\/www.sofiasimoes.pt\/sobre\/"},"modified":"2020-12-03T19:40:47","modified_gmt":"2020-12-03T19:40:47","slug":"sobre","status":"publish","type":"page","link":"https:\/\/www.sofiasimoes.pt\/pt-pt\/sobre\/","title":{"rendered":"SOBRE"},"content":{"rendered":"<p><div class=\"fusion-fullwidth fullwidth-box fusion-builder-row-1 donotdisplay nonhundred-percent-fullwidth non-hundred-percent-height-scrolling\" style=\"--awb-border-radius-top-left:0px;--awb-border-radius-top-right:0px;--awb-border-radius-bottom-right:0px;--awb-border-radius-bottom-left:0px;--awb-flex-wrap:wrap;\" ><div class=\"fusion-builder-row fusion-row\"><div class=\"fusion-layout-column fusion_builder_column fusion-builder-column-0 fusion_builder_column_1_1 1_1 fusion-one-full fusion-column-first fusion-column-last\" style=\"--awb-bg-size:cover;\"><div class=\"fusion-column-wrapper fusion-flex-column-wrapper-legacy\"><div class=\"fusion-text fusion-text-1\"><p>Sofia Sim\u00f5es Pintura &#8211; artista pl\u00e1stica contempor\u00e2nea de Lisboa. Formada em Pintura Decorativa e Restaura\u00e7\u00e3o Mural, Desenho e Pintura. Tem na sua carreira v\u00e1rias exposi\u00e7\u00f5es individuais e coletivas e as suas obras est\u00e3o presentes em v\u00e1rias cole\u00e7\u00f5es particulares.<\/p>\n<\/div><div class=\"fusion-clearfix\"><\/div><\/div><\/div><\/div><\/div><div class=\"fusion-fullwidth fullwidth-box fusion-builder-row-2 nonhundred-percent-fullwidth non-hundred-percent-height-scrolling\" style=\"--awb-border-radius-top-left:0px;--awb-border-radius-top-right:0px;--awb-border-radius-bottom-right:0px;--awb-border-radius-bottom-left:0px;--awb-margin-top:55px;--awb-margin-bottom:45px;--awb-flex-wrap:wrap;\" ><div class=\"fusion-builder-row fusion-row\"><div class=\"fusion-layout-column fusion_builder_column fusion-builder-column-1 fusion_builder_column_1_1 1_1 fusion-one-full fusion-column-first fusion-column-last\" style=\"--awb-bg-size:cover;\"><div class=\"fusion-column-wrapper fusion-flex-column-wrapper-legacy\"><div class=\"fusion-text fusion-text-2\"><h1 style=\"text-align: left;\"><span style=\"color: #999999;\">SOBRE<\/span><\/h1>\n<\/div><div class=\"fusion-text fusion-text-3\"><p>Nasceu em Lisboa em 1970 e formou-se em Pintura Decorativa e Restauro em 1992 na Funda\u00e7\u00e3o Ricardo Espirito Santo Silva, Lisboa. Mais tarde fez o Curso de Desenho e Pintura na Sociedade Nacional de Belas Artes de Lisboa.<\/p>\n<p>O seu percurso profissional, desde sempre esteve ligado ao Desenho e Pintura. Ao longo dos anos executou v\u00e1rios trabalhos de Pintura Decorativa e Restauro em Casas Particulares, Igrejas, Monumentos e Hot\u00e9is em Portugal, Espanha e Estados Unidos.<\/p>\n<p>Em 2010 inicia uma nova fase da sua carreira no mundo da Arte Contempor\u00e2nea com Atelier em Lisboa<\/p>\n<\/div><div class=\"fusion-text fusion-text-4\"><h1 style=\"text-align: left;\"><span id=\"result_box\" class=\"short_text\" lang=\"en\" style=\"color: #999999;\"><span class=\"\">Exposi\u00e7\u00f5es<\/span><\/span><\/h1>\n<\/div><div class=\"fusion-clearfix\"><\/div><\/div><\/div><div class=\"fusion-layout-column fusion_builder_column fusion-builder-column-2 fusion_builder_column_1_1 1_1 fusion-one-full fusion-column-first fusion-column-last\" style=\"--awb-bg-size:cover;\"><div class=\"fusion-column-wrapper fusion-flex-column-wrapper-legacy\"><div class=\"fusion-text fusion-text-5\"><p><strong>\u2022 2010<\/strong>: Atelier 7m Arquitetos, Lisboa<br \/>\n<strong>\u2022 2011<\/strong>: Arte Lisboa (Feira de Arte Contempor\u00e2nea de Lisboa), Galeria ArtLounge<br \/>\n<strong>\u2022 2012<\/strong>: Coletiva &#8211; Alcantara Caf\u00e9 ,The Brige Gallery, Lisboa<br \/>\n<strong>\u2022 2012:<\/strong> Arco Madrid (Feira de Arte Contempor\u00e2nea de Madrid), Galeria ArtLounge<br \/>\n<strong>\u2022 2013<\/strong>: Showroom Botoca, Lisboa<br \/>\n<strong>\u2022 2014<\/strong>: Individual &#8211; Centro de Cultura e Exposi\u00e7\u00f5es de Odivelas<br \/>\n<strong>\u2022 2014<\/strong>: Sunset&amp;Art K Urban Beach, Lisboa<br \/>\n<strong>\u2022 2014<\/strong>: Coletiva &#8211; Galeria LM, S\u00e3o Pedro de Sintra<br \/>\n<strong>\u2022 2014<\/strong>: CASALISBOA 14 Interior Design Exhibition<br \/>\n<strong>\u2022 2015<\/strong>: Coletiva ,Bienal Women of Art, Museu Municipal Espinho<br \/>\n<strong>\u2022 2015<\/strong>: Individual \u2013 Junta de Freguesia de Alvalade, Lisboa<br \/>\n<strong>\u2022 2015<\/strong>: Coletiva, Casa#6 \u2013 Shoenstat<br \/>\n<strong>\u2022 2016<\/strong>: Individual, Lisbon Carmo Hotel<br \/>\n<strong>\u2022 2016<\/strong>: Coletiva, A Paia em Art , Centro Cultural de Odivelas, Lisboa<br \/>\n<strong>\u2022 2017<\/strong>: Individual -Art Feelings -Teatro Mala Posta , Odivelas, Lisboa<br \/>\n<strong>\u2022 2017<\/strong>: Coletiva, Vl Bienal de Culturas Lus\u00f3fonas ,Centro de Cultura de Odivelas, Lisboa<br \/>\n<strong>\u2022 2017\/2018<\/strong>: coletiva-Galeria LM , S\u00e3o Pedro de Sintra<br \/>\n<strong>\u2022 2018<\/strong>: Individual-Forever Free- Galeria de Arte do Estoril JFE<br \/>\n<strong>\u2022 2018<\/strong>: Individual-Back in Twon-Galeria Joana Arez, Cidadela, Cascais<br \/>\n<strong>\u2022 2019<\/strong>: Individual-Choose-Galeria Antiga Carpintaria (Museu da Carris),Lisboa<br \/>\n<strong>\u2022 2019\/2020<\/strong>: Coletiva-Galeria Welcome to Art, Prince Real, Lisboa<br \/>\n<strong>\u2022 2019\/2020<\/strong>: Coletiva-GaleriaLM, S\u00e3o Pedro de Sintra<br \/>\n<strong>\u2022 2020<\/strong>: Individual -welcome to Wonderland-Galeria TBF,fineart , Rua de S. Bento , Lisboa<\/p>\n<\/div><div class=\"fusion-clearfix\"><\/div><\/div><\/div><\/div><\/div><div class=\"fusion-fullwidth fullwidth-box fusion-builder-row-3 nonhundred-percent-fullwidth non-hundred-percent-height-scrolling\" style=\"--awb-border-radius-top-left:0px;--awb-border-radius-top-right:0px;--awb-border-radius-bottom-right:0px;--awb-border-radius-bottom-left:0px;--awb-padding-top:65px;--awb-padding-bottom:45px;--awb-background-color:rgba(216,127,82,0.74);--awb-flex-wrap:wrap;\" ><div class=\"fusion-builder-row fusion-row\"><div class=\"fusion-layout-column fusion_builder_column fusion-builder-column-3 fusion_builder_column_1_1 1_1 fusion-one-full fusion-column-first fusion-column-last\" style=\"--awb-bg-size:cover;\"><div class=\"fusion-column-wrapper fusion-flex-column-wrapper-legacy\"><div class=\"fusion-text fusion-text-6\"><h2 style=\"text-align: center;\"><span style=\"color: #ffffff;\"><em>\u201dDos seus temas recorrentes est\u00e1 impl\u00edcita uma certa feminilidade provocadora. Uma nota er\u00f3tica brilha em toda a sua obra, o que n\u00e3o impede que perca a sua frescura e fa\u00e7a com que aqueles que contemplam a sua obra desejem ver mais. Utiliza maioritariamente uma t\u00e9cnica mista, mas n\u00e3o se inibe com t\u00e9cnicas mais especificas e arrojadas.\u201d<\/em><\/span><\/h2>\n<p style=\"text-align: center;\"><span style=\"color: #ffffff;\">Viscondenssa Monique Beau D&#8217;Aulnay<\/span><br \/>\n<span style=\"color: #ffffff;\"> Portal Galeria Londres, Galeria Ibiza Ibiza<\/span><\/p>\n<\/div><div class=\"fusion-clearfix\"><\/div><\/div><\/div><\/div><\/div><\/p>\n","protected":false},"excerpt":{"rendered":"","protected":false},"author":2,"featured_media":0,"parent":0,"menu_order":0,"comment_status":"closed","ping_status":"closed","template":"100-width.php","meta":{"footnotes":""},"class_list":["post-407","page","type-page","status-publish","hentry"],"_links":{"self":[{"href":"https:\/\/www.sofiasimoes.pt\/pt-pt\/wp-json\/wp\/v2\/pages\/407","targetHints":{"allow":["GET"]}}],"collection":[{"href":"https:\/\/www.sofiasimoes.pt\/pt-pt\/wp-json\/wp\/v2\/pages"}],"about":[{"href":"https:\/\/www.sofiasimoes.pt\/pt-pt\/wp-json\/wp\/v2\/types\/page"}],"author":[{"embeddable":true,"href":"https:\/\/www.sofiasimoes.pt\/pt-pt\/wp-json\/wp\/v2\/users\/2"}],"replies":[{"embeddable":true,"href":"https:\/\/www.sofiasimoes.pt\/pt-pt\/wp-json\/wp\/v2\/comments?post=407"}],"version-history":[{"count":0,"href":"https:\/\/www.sofiasimoes.pt\/pt-pt\/wp-json\/wp\/v2\/pages\/407\/revisions"}],"wp:attachment":[{"href":"https:\/\/www.sofiasimoes.pt\/pt-pt\/wp-json\/wp\/v2\/media?parent=407"}],"curies":[{"name":"wp","href":"https:\/\/api.w.org\/{rel}","templated":true}]}}