{"id":351,"date":"2018-04-30T03:31:16","date_gmt":"2018-04-30T03:31:16","guid":{"rendered":"https:\/\/www.sofiasimoes.pt\/consulta-trabalhos-personalizados\/"},"modified":"2018-05-10T14:54:50","modified_gmt":"2018-05-10T14:54:50","slug":"consulta-trabalhos-personalizados","status":"publish","type":"page","link":"https:\/\/www.sofiasimoes.pt\/pt-pt\/consulta-trabalhos-personalizados\/","title":{"rendered":"CONSULTA &#8211; TRABALHOS PERSONALIZADOS"},"content":{"rendered":"<div class=\"fusion-fullwidth fullwidth-box fusion-builder-row-1 nonhundred-percent-fullwidth non-hundred-percent-height-scrolling\" style=\"--awb-border-radius-top-left:0px;--awb-border-radius-top-right:0px;--awb-border-radius-bottom-right:0px;--awb-border-radius-bottom-left:0px;--awb-margin-top:55px;--awb-flex-wrap:wrap;\" ><div class=\"fusion-builder-row fusion-row\"><div class=\"fusion-layout-column fusion_builder_column fusion-builder-column-0 fusion_builder_column_1_1 1_1 fusion-one-full fusion-column-first fusion-column-last\" style=\"--awb-bg-size:cover;\"><div class=\"fusion-column-wrapper fusion-flex-column-wrapper-legacy\"><div class=\"fusion-text fusion-text-1\"><h1 style=\"text-align: center;\"><span style=\"color: #999999;\">CONSULTA &#8211; PINTURA\/RETRATO PERSONALIZADOS<\/span><\/h1>\n<\/div><div class=\"fusion-text fusion-text-2\"><p>No in\u00edcio do meu trabalho como pintora, comecei a receber pedidos de alguns amigos e pessoas pr\u00f3ximas para fazer um trabalho personalizado, desde pinturas a retratos. Devido aos muitos pedidos, o que come\u00e7ou como uma mera coincid\u00eancia rapidamente se tornou parte do meu trabalho e uma atividade que fa\u00e7o com amor e que muito contribuiu para o meu desenvolvimento t\u00e9cnico como artista pl\u00e1stica. Para informa\u00e7\u00f5es sobre trabalhos personalizados como retratos, entre em contato comigo usando o seguinte formul\u00e1rio. Obrigado.<\/p>\n<\/div><div class=\"fusion-text fusion-text-3\"><p style=\"text-align: center;\">\n<div class=\"wpcf7 no-js\" id=\"wpcf7-f349-o1\" lang=\"en-US\" dir=\"ltr\" data-wpcf7-id=\"349\">\n<div class=\"screen-reader-response\"><p role=\"status\" aria-live=\"polite\" aria-atomic=\"true\"><\/p> <ul><\/ul><\/div>\n<form action=\"\/pt-pt\/wp-json\/wp\/v2\/pages\/351#wpcf7-f349-o1\" method=\"post\" class=\"wpcf7-form init\" aria-label=\"Contact form\" enctype=\"multipart\/form-data\" novalidate=\"novalidate\" data-status=\"init\">\n<div style=\"display: none;\">\n<input type=\"hidden\" name=\"_wpcf7\" value=\"349\" \/>\n<input type=\"hidden\" name=\"_wpcf7_version\" value=\"6.0.6\" \/>\n<input type=\"hidden\" name=\"_wpcf7_locale\" value=\"en_US\" \/>\n<input type=\"hidden\" name=\"_wpcf7_unit_tag\" value=\"wpcf7-f349-o1\" \/>\n<input type=\"hidden\" name=\"_wpcf7_container_post\" value=\"0\" \/>\n<input type=\"hidden\" name=\"_wpcf7_posted_data_hash\" value=\"\" \/>\n<\/div>\n<div class=\"myclearfix\">\n\t<div id=\"myleft\">\n\t\t<p><label> Nome* <\/label><br \/>\n<span class=\"wpcf7-form-control-wrap\" data-name=\"your-name\"><input size=\"40\" maxlength=\"400\" class=\"wpcf7-form-control wpcf7-text wpcf7-validates-as-required\" aria-required=\"true\" aria-invalid=\"false\" placeholder=\"Nome*\" value=\"\" type=\"text\" name=\"your-name\" \/><\/span>\n\t\t<\/p>\n\t\t<p><label>Telefone* <\/label><br \/>\n<span class=\"wpcf7-form-control-wrap\" data-name=\"telefone\"><input size=\"40\" maxlength=\"400\" class=\"wpcf7-form-control wpcf7-text wpcf7-validates-as-required\" aria-required=\"true\" aria-invalid=\"false\" placeholder=\"Telefone*\" value=\"\" type=\"text\" name=\"telefone\" \/><\/span>\n\t\t<\/p>\n\t<\/div>\n\t<div id=\"myright\">\n\t\t<p><label> Email* <\/label><br \/>\n<span class=\"wpcf7-form-control-wrap\" data-name=\"your-email\"><input size=\"40\" maxlength=\"400\" class=\"wpcf7-form-control wpcf7-email wpcf7-validates-as-required wpcf7-text wpcf7-validates-as-email\" aria-required=\"true\" aria-invalid=\"false\" placeholder=\"Email*\" value=\"\" type=\"email\" name=\"your-email\" \/><\/span>\n\t\t<\/p>\n\t\t<p><label> Que tipo de trabalho pretende? <\/label><br \/>\n<span class=\"wpcf7-form-control-wrap\" data-name=\"kindofcustomwork\"><select class=\"wpcf7-form-control wpcf7-select\" aria-invalid=\"false\" name=\"kindofcustomwork\"><option value=\"- Please Select -\">- Please Select -<\/option><option value=\"Pintura personalizada\">Pintura personalizada<\/option><option value=\"Retrato Humano\">Retrato Humano<\/option><option value=\"Retrato Animal\">Retrato Animal<\/option><option value=\"Outro\">Outro<\/option><\/select><\/span>\n\t\t<\/p>\n\t<\/div>\n<\/div>\n<p><label> Deixe a sua mensagem<\/label><br \/>\n<span class=\"wpcf7-form-control-wrap\" data-name=\"your-message\"><textarea cols=\"40\" rows=\"10\" maxlength=\"2000\" class=\"wpcf7-form-control wpcf7-textarea\" aria-invalid=\"false\" name=\"your-message\"><\/textarea><\/span>\n<\/p>\n<p><label> fa\u00e7a o upload de um ficheiro (ex. fotografia) (max 2mb)<\/label><br \/>\n<span class=\"wpcf7-form-control-wrap\" data-name=\"file-up\"><input size=\"40\" class=\"wpcf7-form-control wpcf7-file\" accept=\".jpg,.png,.doc,.pdf\" aria-invalid=\"false\" type=\"file\" name=\"file-up\" \/><\/span>\n<\/p>\n<p><span id=\"wpcf7-69e4f082c85af-wrapper\" class=\"wpcf7-form-control-wrap security-wrap\" style=\"display:none !important; visibility:hidden !important;\"><label for=\"wpcf7-69e4f082c85af-field\" class=\"hp-message\">Please leave this field empty.<\/label><input id=\"wpcf7-69e4f082c85af-field\"  class=\"wpcf7-form-control wpcf7-text\" type=\"text\" name=\"security\" value=\"\" size=\"40\" tabindex=\"-1\" autocomplete=\"new-password\" \/><\/span>\n<\/p>\n<p style=\"text-align: center;\"><input class=\"wpcf7-form-control wpcf7-submit has-spinner\" type=\"submit\" value=\"Submeter\" \/>\n<\/p><p style=\"display: none !important;\" class=\"akismet-fields-container\" data-prefix=\"_wpcf7_ak_\"><label>&#916;<textarea name=\"_wpcf7_ak_hp_textarea\" cols=\"45\" rows=\"8\" maxlength=\"100\"><\/textarea><\/label><input type=\"hidden\" id=\"ak_js_1\" name=\"_wpcf7_ak_js\" value=\"227\"\/><script>document.getElementById( \"ak_js_1\" ).setAttribute( \"value\", ( new Date() ).getTime() );<\/script><\/p><div class=\"fusion-alert alert custom alert-custom fusion-alert-center wpcf7-response-output awb-alert-native-link-color alert-dismissable awb-alert-close-boxed\" style=\"--awb-border-top-left-radius:0px;--awb-border-top-right-radius:0px;--awb-border-bottom-left-radius:0px;--awb-border-bottom-right-radius:0px;\" role=\"alert\"><div class=\"fusion-alert-content-wrapper\"><span class=\"fusion-alert-content\"><\/span><\/div><button type=\"button\" class=\"close toggle-alert\" data-dismiss=\"alert\" aria-label=\"Close\">&times;<\/button><\/div>\n<\/form>\n<\/div>\n<\/p>\n<\/div><div class=\"fusion-clearfix\"><\/div><\/div><\/div><\/div><\/div>\n","protected":false},"excerpt":{"rendered":"","protected":false},"author":2,"featured_media":0,"parent":0,"menu_order":0,"comment_status":"closed","ping_status":"closed","template":"100-width.php","meta":{"footnotes":""},"class_list":["post-351","page","type-page","status-publish","hentry"],"_links":{"self":[{"href":"https:\/\/www.sofiasimoes.pt\/pt-pt\/wp-json\/wp\/v2\/pages\/351","targetHints":{"allow":["GET"]}}],"collection":[{"href":"https:\/\/www.sofiasimoes.pt\/pt-pt\/wp-json\/wp\/v2\/pages"}],"about":[{"href":"https:\/\/www.sofiasimoes.pt\/pt-pt\/wp-json\/wp\/v2\/types\/page"}],"author":[{"embeddable":true,"href":"https:\/\/www.sofiasimoes.pt\/pt-pt\/wp-json\/wp\/v2\/users\/2"}],"replies":[{"embeddable":true,"href":"https:\/\/www.sofiasimoes.pt\/pt-pt\/wp-json\/wp\/v2\/comments?post=351"}],"version-history":[{"count":0,"href":"https:\/\/www.sofiasimoes.pt\/pt-pt\/wp-json\/wp\/v2\/pages\/351\/revisions"}],"wp:attachment":[{"href":"https:\/\/www.sofiasimoes.pt\/pt-pt\/wp-json\/wp\/v2\/media?parent=351"}],"curies":[{"name":"wp","href":"https:\/\/api.w.org\/{rel}","templated":true}]}}